{"id":87,"date":"2023-09-07T05:52:08","date_gmt":"2023-09-07T05:52:08","guid":{"rendered":"https:\/\/dasmashqiptare.al\/?page_id=87"},"modified":"2023-09-07T10:19:56","modified_gmt":"2023-09-07T10:19:56","slug":"kontakt","status":"publish","type":"page","link":"https:\/\/dasmashqiptare.al\/?page_id=87","title":{"rendered":"Kontakt"},"content":{"rendered":"\n<div class=\"wp-block-uagb-container uagb-block-12f33076 alignfull uagb-is-root-container\"><style id=\"depicter-85-inline-pre-css\">\n\n.depicter-revert.depicter-85{\n\tbackground-color:#FFFFFF;\n}\n.depicter-85:not(.depicter-ready){\n\theight:600px;\n}\n\n\/***** Tablet *****\/\n@media screen and (max-width: 1024px){\n\n.depicter-85:not(.depicter-ready){\n\theight:700px;\n}\n\n}\n\/***** Mobile *****\/\n@media screen and (max-width: 767px){\n\n.depicter-85:not(.depicter-ready){\n\theight:740px;\n}\n\n}\n<\/style>\n<div id=\"depicter-85\" class=\"depicter depicter-document depicter-revert depicter-85 depicter-layout-fullwidth\">\n\n<div class=\"depicter-loading-container depicter-loading dotFlashing-dark\"><div class=\"depicter-loading-dark depicter-dot-flashing\">\n   <span><\/span>\n   <span><\/span>\n   <span><\/span>\n<\/div>\n<\/div>\n<div id=\"depicter-85-section-1\" class=\"depicter-section depicter-85-section-1\" data-name=\"Slide 1\" data-type=\"section\" data-local-id=\"section-1\">\n<div data-animation-in=\"{'direction':'left','easing':'spring(2, 60, 8, 0)','duration':2700,'movement':0,'scale':0.5,'delay':0,'type':'move'}\" data-between-in-out=\"false\" id=\"depicter-85-element-3\" class=\"depicter-element depicter-layer depicter-85-element-3\" data-type=\"shape\" data-wrap=\"true\" data-name=\"Element 3\" data-local-id=\"element-3\" data-offset=\"x:812px;y:4px;origin:tl\" data-tablet-offset=\"x:552px;y:3px;origin:tl\" data-mobile-offset=\"x:42px;y:247px;origin:tl\" data-width=\"590px,695px,388px\" data-height=\"590px,695px,388px\" data-responsive-scale=\"true,,\"><\/div>\n\n<div data-animation-in=\"{'direction':'right','easing':'spring(2, 60, 8, 0)','duration':2500,'movement':100,'fade':true,'delay':1700,'type':'move'}\" data-between-in-out=\"false\" data-mobile-animation-in=\"{'direction':'right','easing':'spring(2, 60, 8, 0)','duration':2500,'movement':100,'fade':true,'delay':1700,'type':'move'}\" id=\"depicter-85-element-4\" class=\"depicter-element depicter-layer depicter-85-element-4\" data-type=\"shape\" data-wrap=\"true\" data-name=\"Element 4\" data-local-id=\"element-4\" data-offset=\"x:675px;y:121px;origin:tl\" data-tablet-offset=\"x:500px;y:92px;origin:tl\" data-mobile-offset=\"x:3px;y:285px;origin:tl\" data-width=\"256px,200px,200px\" data-height=\"61px,61px,40px\" data-responsive-scale=\"true,,\"><\/div>\n\n<div data-animation-in=\"{'direction':'right','easing':'spring(2, 60, 8, 0)','duration':3000,'movement':150,'fade':true,'delay':1800,'type':'move'}\" data-between-in-out=\"false\" data-mobile-animation-in=\"{'direction':'right','easing':'spring(2, 60, 8, 0)','duration':3000,'movement':150,'fade':true,'delay':1800,'type':'move'}\" id=\"depicter-85-element-5\" class=\"depicter-element depicter-layer depicter-85-element-5\" data-type=\"shape\" data-wrap=\"true\" data-name=\"Copy of Element 4\" data-local-id=\"element-5\" data-offset=\"x:562px;y:121px;origin:tl\" data-tablet-offset=\"x:398px;y:93px;origin:tl\" data-mobile-offset=\"x:-75px;y:284px;origin:tl\" data-width=\"83px,80px,61px\" data-height=\"61px,59px,40px\" data-responsive-scale=\"true,,\"><\/div>\n\n<div data-animation-in=\"{'direction':'right','easing':'spring(2, 60, 8, 0)','duration':2500,'movement':100,'fade':true,'delay':2000,'type':'move'}\" data-between-in-out=\"false\" data-mobile-animation-in=\"{'direction':'right','easing':'spring(2, 60, 8, 0)','duration':2500,'movement':100,'fade':true,'delay':2000,'type':'move'}\" id=\"depicter-85-element-6\" class=\"depicter-element depicter-layer depicter-85-element-6\" data-type=\"shape\" data-wrap=\"true\" data-name=\"Copy of Element 4\" data-local-id=\"element-6\" data-offset=\"x:740px;y:243px;origin:tl\" data-tablet-offset=\"x:500px;y:214px;origin:tl\" data-mobile-offset=\"x:18px;y:365px;origin:tl\" data-width=\"123px,123px,123px\" data-height=\"61px,61px,40px\" data-responsive-scale=\"true,,\"><\/div>\n\n<div data-animation-in=\"{'direction':'left','easing':'spring(2, 60, 8, 0)','duration':2500,'movement':100,'fade':true,'delay':1900,'type':'move'}\" data-between-in-out=\"false\" data-mobile-animation-in=\"{'direction':'left','easing':'spring(2, 60, 8, 0)','duration':2500,'movement':100,'fade':true,'delay':1900,'type':'move'}\" id=\"depicter-85-element-7\" class=\"depicter-element depicter-layer depicter-85-element-7\" data-type=\"shape\" data-wrap=\"true\" data-name=\"Copy of Copy of Element 4\" data-local-id=\"element-7\" data-offset=\"x:675px;y:182px;origin:tl\" data-tablet-offset=\"x:445px;y:153px;origin:tl\" data-mobile-offset=\"x:-93px;y:325px;origin:tl\" data-width=\"190px,190px,190px\" data-height=\"61px,61px,40px\" data-responsive-scale=\"true,,\"><\/div>\n\n<h1 data-animation-in=\"{'direction':'bottom','easing':'easeOutExpo','duration':2300,'movement':200,'fade':false,'type':'move'}\" data-between-in-out=\"false\" data-tablet-animation-in=\"{'direction':'bottom','easing':'easeOutExpo','duration':2300,'movement':200,'fade':false,'type':'move'}\" data-mobile-animation-in=\"{'direction':'bottom','easing':'easeOutExpo','duration':2300,'movement':200,'fade':false,'type':'move'}\" id=\"depicter-85-element-9\" class=\"depicter-element depicter-layer depicter-85-element-9\" data-type=\"text\" data-wrap=\"true\" data-name=\"Element 9\" data-local-id=\"element-9\" data-offset=\"x:79px;y:115px;origin:tl\" data-tablet-offset=\"x:41px;y:93px;origin:tl\" data-mobile-offset=\"x:30px;y:72px;origin:tl\" data-width=\"339.917px,auto,220px\" data-height=\"auto,auto,auto\" data-responsive-scale=\"true,,\">Kontakto<\/h1>\n\n<picture data-animation-in=\"{'direction':'right','easing':'easeOutExpo','duration':2500,'movement':500,'delay':400,'type':'move'}\" data-between-in-out=\"false\" data-tablet-animation-in=\"{'direction':'right','easing':'easeOutExpo','duration':2500,'movement':500,'delay':400,'type':'move'}\" id=\"depicter-85-element-11\" class=\"depicter-element depicter-layer depicter-85-element-11\" data-type=\"image\" data-wrap=\"true\" data-name=\"Element 11\" data-local-id=\"element-11\" data-offset=\"x:79px;y:218px;origin:tl\" data-tablet-offset=\"x:42px;y:184px;origin:tl\" data-mobile-offset=\"x:31px;y:134px;origin:tl\" data-width=\"83px,83px,83px\" data-height=\"7px,7px,7px\" data-responsive-scale=\"true,,\" data-crop=\"{'mediaSize':{'width':83,'height':7},'focalPoint':{'x':0.5,'y':0.5}}\" data-tablet-crop=\"{'mediaSize':{'width':83,'height':7},'focalPoint':{'x':0.5,'y':0.5}}\" data-mobile-crop=\"{'mediaSize':{'width':83,'height':7},'focalPoint':{'x':0.5,'y':0.5}}\"><img decoding=\"async\" src=\"data:image\/gif;base64,R0lGODlhAQABAIAAAAAAAP\/\/\/yH5BAEAAAAALAAAAAABAAEAAAIBRAA7\" data-depicter-src=\"https:\/\/dasmashqiptare.al\/wp-content\/uploads\/2023\/09\/divider-1251.svg\" alt=\"\" \/>\n<\/picture>\n<p data-animation-in=\"{'direction':'left','easing':'easeOutQuart','duration':1500,'movement':0,'scale':1.15,'delay':600,'type':'move'}\" data-between-in-out=\"false\" id=\"depicter-85-element-12\" class=\"depicter-element depicter-layer depicter-85-element-12\" data-type=\"text\" data-wrap=\"true\" data-name=\"Element 12\" data-local-id=\"element-12\" data-offset=\"x:79px;y:243px;origin:tl\" data-tablet-offset=\"x:42px;y:372px;origin:tl\" data-mobile-offset=\"x:30px;y:155px;origin:tl\" data-width=\"600px,500px,304px\" data-height=\"auto,auto,auto\" data-responsive-scale=\"true,,\">Ju jeni t\u00eb mir\u00ebpritur t\u00eb na kontaktoni n\u00eb \u00e7do koh\u00eb p\u00ebr \u00e7do pyetje, k\u00ebrkes\u00eb. K\u00ebtu n\u00eb MProduction ne vler\u00ebsojm\u00eb komunikimin me klient\u00ebt tan\u00eb.<\/p>\n\n<picture data-animation-in=\"{'direction':'left','easing':'spring(2, 60, 8, 0)','duration':2700,'movement':0,'scale':0.3,'delay':200,'rotate':10,'type':'move'}\" data-between-in-out=\"false\" data-tablet-animation-in=\"{'direction':'left','easing':'easeInOutExpo','duration':2700,'movement':0,'scale':0.3,'delay':200,'rotate':10,'type':'move'}\" data-mobile-animation-in=\"{'direction':'left','easing':'easeInOutExpo','duration':2700,'movement':0,'scale':0.3,'delay':200,'rotate':10,'type':'move'}\" id=\"depicter-85-element-91\" class=\"depicter-element depicter-layer depicter-85-element-91\" data-type=\"image\" data-wrap=\"true\" data-name=\"Image 11\" data-local-id=\"element-91\" data-offset=\"x:866px;y:55px;origin:tl\" data-tablet-offset=\"x:610px;y:54px;origin:tl\" data-mobile-offset=\"x:57px;y:72px;origin:mc\" data-width=\"490px,594px,330px\" data-height=\"490px,594px,330px\" data-responsive-scale=\"true,,\" data-crop=\"false\">\n<source data-depicter-srcset=\"https:\/\/dasmashqiptare.al\/wp-content\/uploads\/2023\/09\/01-330x330.png, https:\/\/dasmashqiptare.al\/wp-content\/uploads\/2023\/09\/01-660x660.png 2x\" srcset=\"data:image\/gif;base64,R0lGODlhAQABAIAAAAAAAP\/\/\/yH5BAEAAAAALAAAAAABAAEAAAIBRAA7\" media=\"(max-width: 767px)\" \/>\n\n<source data-depicter-srcset=\"https:\/\/dasmashqiptare.al\/wp-content\/uploads\/2023\/09\/01-594x594.png, https:\/\/dasmashqiptare.al\/wp-content\/uploads\/2023\/09\/01-1188x1188.png 2x\" srcset=\"data:image\/gif;base64,R0lGODlhAQABAIAAAAAAAP\/\/\/yH5BAEAAAAALAAAAAABAAEAAAIBRAA7\" media=\"(max-width: 1024px)\" \/>\n\n<source data-depicter-srcset=\"https:\/\/dasmashqiptare.al\/wp-content\/uploads\/2023\/09\/01-490x490.png, https:\/\/dasmashqiptare.al\/wp-content\/uploads\/2023\/09\/01-980x980.png 2x\" srcset=\"data:image\/gif;base64,R0lGODlhAQABAIAAAAAAAP\/\/\/yH5BAEAAAAALAAAAAABAAEAAAIBRAA7\" media=\"(min-width: 1025px)\" \/>\n<img decoding=\"async\" src=\"data:image\/gif;base64,R0lGODlhAQABAIAAAAAAAP\/\/\/yH5BAEAAAAALAAAAAABAAEAAAIBRAA7\" data-depicter-src=\"https:\/\/dasmashqiptare.al\/wp-content\/uploads\/2023\/09\/01-490x490.png\" alt=\"\" \/>\n<\/picture><\/div>\n<\/div>\n<script>\n(window.depicterSetups = window.depicterSetups || []).push(function(){\n\tDepicter.basePath = 'https:\/\/dasmashqiptare.al\/wp-content\/plugins\/depicter\/resources\/scripts\/player\/';\n\tconst dpPlayer = Depicter.setup('.depicter-85',\n\t\t{\"width\":[\"1600\",\"1024\",\"360\"],\"height\":[\"600\",\"700\",\"740\"],\"view\":\"basic\",\"keepAspectRatio\":true,\"preload\":0,\"layout\":\"fullwidth\",\"rtl\":false,\"initAfterAppear\":false,\"ajaxApiUrl\":\"https:\\\/\\\/dasmashqiptare.al\\\/wp-admin\\\/admin-ajax.php\",\"viewOptions\":{\"loop\":true},\"mouseSwipe\":true,\"touchSwipe\":true,\"keyboard\":true,\"useWatermark\":false}\n\t);\n});\n<\/script><\/div>\n\n\n\n<div class=\"wp-block-uagb-container uagb-block-6cf1f34a alignfull uagb-is-root-container\">\t\t\t<div data-aos= \"flip-up\" data-aos-duration=\"400\" data-aos-delay=\"0\" data-aos-easing=\"ease\" data-aos-once=\"true\" \n\t\t\tclass=\"wp-block-uagb-google-map uagb-google-map__wrap uagb-block-8adae433     \"\n\t\t\tstyle=\"\" >\n\t\t\t\t<embed\n\t\t\t\t\tclass=\"uagb-google-map__iframe\"\n\t\t\t\t\ttitle=\"Google Map for \"\n\t\t\t\t\tsrc=\"https:\/\/maps.google.com\/maps?q=Mproduction&#038;z=18&#038;hl=en&#038;t=m&#038;output=embed&#038;iwloc=near\"\n\t\t\t\t\twidth=\"640\"\n\t\t\t\t\theight=\"480\"\n\t\t\t\t\tloading=\"lazy\"\n\t\t\t\t><\/embed>\n\t\t\t<\/div>\n\t\t\t<\/div>\n","protected":false},"excerpt":{"rendered":"","protected":false},"author":1,"featured_media":0,"parent":0,"menu_order":0,"comment_status":"closed","ping_status":"closed","template":"","meta":{"_eb_attr":"","_uag_custom_page_level_css":"","_kadence_starter_templates_imported_post":false,"_kad_post_transparent":"default","_kad_post_title":"hide","_kad_post_layout":"fullwidth","_kad_post_sidebar_id":"","_kad_post_content_style":"unboxed","_kad_post_vertical_padding":"default","_kad_post_feature":"","_kad_post_feature_position":"","_kad_post_header":false,"_kad_post_footer":false,"_kad_post_classname":"","footnotes":""},"class_list":["post-87","page","type-page","status-publish","hentry"],"uagb_featured_image_src":{"full":false,"thumbnail":false,"medium":false,"medium_large":false,"large":false,"1536x1536":false,"2048x2048":false,"depicter-thumbnail":false},"uagb_author_info":{"display_name":"vmpage","author_link":"https:\/\/dasmashqiptare.al\/?author=1"},"uagb_comment_info":0,"uagb_excerpt":null,"_links":{"self":[{"href":"https:\/\/dasmashqiptare.al\/index.php?rest_route=\/wp\/v2\/pages\/87","targetHints":{"allow":["GET"]}}],"collection":[{"href":"https:\/\/dasmashqiptare.al\/index.php?rest_route=\/wp\/v2\/pages"}],"about":[{"href":"https:\/\/dasmashqiptare.al\/index.php?rest_route=\/wp\/v2\/types\/page"}],"author":[{"embeddable":true,"href":"https:\/\/dasmashqiptare.al\/index.php?rest_route=\/wp\/v2\/users\/1"}],"replies":[{"embeddable":true,"href":"https:\/\/dasmashqiptare.al\/index.php?rest_route=%2Fwp%2Fv2%2Fcomments&post=87"}],"version-history":[{"count":14,"href":"https:\/\/dasmashqiptare.al\/index.php?rest_route=\/wp\/v2\/pages\/87\/revisions"}],"predecessor-version":[{"id":124,"href":"https:\/\/dasmashqiptare.al\/index.php?rest_route=\/wp\/v2\/pages\/87\/revisions\/124"}],"wp:attachment":[{"href":"https:\/\/dasmashqiptare.al\/index.php?rest_route=%2Fwp%2Fv2%2Fmedia&parent=87"}],"curies":[{"name":"wp","href":"https:\/\/api.w.org\/{rel}","templated":true}]}}